{"id":19,"date":"2021-07-07T09:40:54","date_gmt":"2021-07-07T09:40:54","guid":{"rendered":"https:\/\/travelforbeauty.de\/?page_id=19"},"modified":"2021-10-31T19:55:31","modified_gmt":"2021-10-31T19:55:31","slug":"firmen-philosophie","status":"publish","type":"page","link":"https:\/\/travelforbeauty.de\/de\/firmen-philosophie\/","title":{"rendered":"Firmen Philosophie"},"content":{"rendered":"<p>[et_pb_section fb_built=&#8220;1&#8243; custom_padding_last_edited=&#8220;on|phone&#8220; _builder_version=&#8220;4.11.3&#8243; _module_preset=&#8220;default&#8220; background_color=&#8220;rgba(0,135,164,0.64)&#8220; min_height_tablet=&#8220;&#8220; min_height_phone=&#8220;&#8220; min_height_last_edited=&#8220;on|phone&#8220; custom_padding_tablet=&#8220;&#8220; custom_padding_phone=&#8220;20px||20px||true|false&#8220; da_disable_devices=&#8220;off|off|off&#8220; border_radii=&#8220;off|||200px|&#8220; border_radii_tablet=&#8220;&#8220; border_radii_phone=&#8220;off|||0px|&#8220; border_radii_last_edited=&#8220;on|phone&#8220; box_shadow_style=&#8220;preset2&#8243; global_colors_info=&#8220;{}&#8220; da_is_popup=&#8220;off&#8220; da_exit_intent=&#8220;off&#8220; da_has_close=&#8220;on&#8220; da_alt_close=&#8220;off&#8220; da_dark_close=&#8220;off&#8220; da_not_modal=&#8220;on&#8220; da_is_singular=&#8220;off&#8220; da_with_loader=&#8220;off&#8220; da_has_shadow=&#8220;on&#8220;][et_pb_row _builder_version=&#8220;4.9.7&#8243; _module_preset=&#8220;default&#8220; global_colors_info=&#8220;{}&#8220;][et_pb_column type=&#8220;4_4&#8243; _builder_version=&#8220;4.9.7&#8243; _module_preset=&#8220;default&#8220; global_colors_info=&#8220;{}&#8220;][et_pb_text _builder_version=&#8220;4.10.7&#8243; _module_preset=&#8220;default&#8220; text_font=&#8220;|800|||||||&#8220; text_text_color=&#8220;#FFFFFF&#8220; text_font_size=&#8220;60px&#8220; text_font_size_tablet=&#8220;&#8220; text_font_size_phone=&#8220;21px&#8220; text_font_size_last_edited=&#8220;on|phone&#8220; text_text_shadow_style=&#8220;preset1&#8243; global_colors_info=&#8220;{}&#8220;]<\/p>\n<p>Firmen Philosophie<\/p>\n<p>[\/et_pb_text][\/et_pb_column][\/et_pb_row][\/et_pb_section][et_pb_section fb_built=&#8220;1&#8243; _builder_version=&#8220;4.9.11&#8243; _module_preset=&#8220;default&#8220; da_disable_devices=&#8220;off|off|off&#8220; global_colors_info=&#8220;{}&#8220; da_is_popup=&#8220;off&#8220; da_exit_intent=&#8220;off&#8220; da_has_close=&#8220;on&#8220; da_alt_close=&#8220;off&#8220; da_dark_close=&#8220;off&#8220; da_not_modal=&#8220;on&#8220; da_is_singular=&#8220;off&#8220; da_with_loader=&#8220;off&#8220; da_has_shadow=&#8220;on&#8220;][et_pb_row _builder_version=&#8220;4.10.7&#8243; _module_preset=&#8220;default&#8220; animation_style=&#8220;fade&#8220; global_colors_info=&#8220;{}&#8220;][et_pb_column type=&#8220;4_4&#8243; _builder_version=&#8220;4.9.11&#8243; _module_preset=&#8220;default&#8220; global_colors_info=&#8220;{}&#8220;][et_pb_text _builder_version=&#8220;4.11.1&#8243; _module_preset=&#8220;default&#8220; text_text_color=&#8220;#0087A4&#8243; header_text_color=&#8220;#0087A4&#8243; header_font_size_tablet=&#8220;&#8220; header_font_size_phone=&#8220;22px&#8220; header_font_size_last_edited=&#8220;on|phone&#8220; global_colors_info=&#8220;{}&#8220;]<\/p>\n<h1><b>\u201eIhr L\u00e4cheln ist unsere Passion\u201c<\/b><\/h1>\n<p style=\"text-align: left;\"><b><br \/><\/b>Wir haben es uns zur Aufgabe gemacht, mit Pers\u00f6nlichkeit und Vertrauen, sowie hoher Qualit\u00e4t und Leistung, Menschen gl\u00fccklich zu machen.<\/p>\n<p style=\"text-align: left;\">Wir zaubern Ihnen garantiert ein strahlendes L\u00e4cheln zur\u00fcck.<\/p>\n<p style=\"text-align: left;\">Bei uns erhalten sie nicht nur eine professionelle Behandlung mit qualifizierten \u00c4rzten, sondern wir begleiten sie pers\u00f6nlich und unterst\u00fctzen sie vor Ort mit unserem deutschsprachigem Team.<\/p>\n<p style=\"text-align: left;\">Sie haben die M\u00f6glichkeit alles aus einer Hand zu erhalten. Wir organisieren ihnen ein komplettes Paket, welches auf sie pers\u00f6nlich zugeschnitten ist.<\/p>\n<p style=\"text-align: left;\">Transfer, Hotelunterk\u00fcnfte, sowie die pers\u00f6nliche Betreuung sind unsere Passion.<\/p>\n<p style=\"text-align: left;\">Sie k\u00f6nnen ihren Aufenthalt genie\u00dfen und brauchen sich um nichts k\u00fcmmern.<\/p>\n<p>[\/et_pb_text][\/et_pb_column][\/et_pb_row][et_pb_row column_structure=&#8220;1_2,1_2&#8243; _builder_version=&#8220;4.10.7&#8243; _module_preset=&#8220;default&#8220; animation_style=&#8220;fade&#8220; animation_delay=&#8220;350ms&#8220; global_colors_info=&#8220;{}&#8220;][et_pb_column type=&#8220;1_2&#8243; _builder_version=&#8220;4.9.11&#8243; _module_preset=&#8220;default&#8220; global_colors_info=&#8220;{}&#8220;][et_pb_blurb title=&#8220;KONTAKT&#8220; use_icon=&#8220;on&#8220; font_icon=&#8220;%%109%%&#8220; _builder_version=&#8220;4.12.0&#8243; _module_preset=&#8220;default&#8220; header_font=&#8220;|700|||||||&#8220; header_text_color=&#8220;#0087A4&#8243; body_text_color=&#8220;#0087A4&#8243; text_orientation=&#8220;center&#8220; link_option_url=&#8220;mailto:info@travelforbeauty.de&#8220; hover_enabled=&#8220;0&#8243; global_colors_info=&#8220;{}&#8220; sticky_enabled=&#8220;0&#8243;]<\/p>\n<p><a href=\"mailto:info@travelforbeauty.de\">info@travelforbeauty.de<\/a><\/p>\n<p>[\/et_pb_blurb][\/et_pb_column][et_pb_column type=&#8220;1_2&#8243; _builder_version=&#8220;4.9.11&#8243; _module_preset=&#8220;default&#8220; global_colors_info=&#8220;{}&#8220;][et_pb_blurb title=&#8220;WHATSAPP&#8220; image=&#8220;https:\/\/travelforbeauty.de\/wp-content\/uploads\/2021\/08\/whastapp_icon.png&#8220; image_max_width=&#8220;38%&#8220; _builder_version=&#8220;4.11.4&#8243; _module_preset=&#8220;default&#8220; header_font=&#8220;|700|||||||&#8220; header_text_color=&#8220;#0087A4&#8243; body_text_color=&#8220;#0087A4&#8243; text_orientation=&#8220;center&#8220; global_colors_info=&#8220;{}&#8220;]<\/p>\n<p><a href=\"https:\/\/wa.me\/4915125742765\"><span>0049-15125742765 &#8211; Sandra<\/span><\/a><\/p>\n<p>[\/et_pb_blurb][\/et_pb_column][\/et_pb_row][\/et_pb_section]<\/p>\n","protected":false},"excerpt":{"rendered":"<p>Firmen Philosophie\u201eIhr L\u00e4cheln ist unsere Passion\u201c Wir haben es uns zur Aufgabe gemacht, mit Pers\u00f6nlichkeit und Vertrauen, sowie hoher Qualit\u00e4t und Leistung, Menschen gl\u00fccklich zu machen. Wir zaubern Ihnen garantiert ein strahlendes L\u00e4cheln zur\u00fcck. Bei uns erhalten sie nicht nur eine professionelle Behandlung mit qualifizierten \u00c4rzten, sondern wir begleiten sie pers\u00f6nlich und unterst\u00fctzen sie vor [&hellip;]<\/p>\n","protected":false},"author":1,"featured_media":0,"parent":0,"menu_order":0,"comment_status":"closed","ping_status":"closed","template":"","meta":{"_et_pb_use_builder":"on","_et_pb_old_content":"<!-- wp:divi\/placeholder \/-->","_et_gb_content_width":"","_mi_skip_tracking":false},"aioseo_notices":[],"_links":{"self":[{"href":"https:\/\/travelforbeauty.de\/de\/wp-json\/wp\/v2\/pages\/19"}],"collection":[{"href":"https:\/\/travelforbeauty.de\/de\/wp-json\/wp\/v2\/pages"}],"about":[{"href":"https:\/\/travelforbeauty.de\/de\/wp-json\/wp\/v2\/types\/page"}],"author":[{"embeddable":true,"href":"https:\/\/travelforbeauty.de\/de\/wp-json\/wp\/v2\/users\/1"}],"replies":[{"embeddable":true,"href":"https:\/\/travelforbeauty.de\/de\/wp-json\/wp\/v2\/comments?post=19"}],"version-history":[{"count":0,"href":"https:\/\/travelforbeauty.de\/de\/wp-json\/wp\/v2\/pages\/19\/revisions"}],"wp:attachment":[{"href":"https:\/\/travelforbeauty.de\/de\/wp-json\/wp\/v2\/media?parent=19"}],"curies":[{"name":"wp","href":"https:\/\/api.w.org\/{rel}","templated":true}]}}