{"id":23,"date":"2021-07-07T09:46:26","date_gmt":"2021-07-07T09:46:26","guid":{"rendered":"https:\/\/travelforbeauty.de\/?page_id=23"},"modified":"2021-11-30T08:51:45","modified_gmt":"2021-11-30T08:51:45","slug":"uber-uns","status":"publish","type":"page","link":"https:\/\/travelforbeauty.de\/de\/uber-uns\/","title":{"rendered":"\u00dcber uns"},"content":{"rendered":"<p>[et_pb_section fb_built=&#8220;1&#8243; custom_padding_last_edited=&#8220;on|phone&#8220; _builder_version=&#8220;4.11.3&#8243; _module_preset=&#8220;default&#8220; background_color=&#8220;rgba(0,135,164,0.64)&#8220; min_height_tablet=&#8220;&#8220; min_height_phone=&#8220;&#8220; min_height_last_edited=&#8220;on|phone&#8220; custom_padding_tablet=&#8220;&#8220; custom_padding_phone=&#8220;20px||20px||true|false&#8220; da_disable_devices=&#8220;off|off|off&#8220; border_radii=&#8220;off|||200px|&#8220; border_radii_tablet=&#8220;&#8220; border_radii_phone=&#8220;off|||0px|&#8220; border_radii_last_edited=&#8220;on|phone&#8220; box_shadow_style=&#8220;preset2&#8243; global_colors_info=&#8220;{}&#8220; da_is_popup=&#8220;off&#8220; da_exit_intent=&#8220;off&#8220; da_has_close=&#8220;on&#8220; da_alt_close=&#8220;off&#8220; da_dark_close=&#8220;off&#8220; da_not_modal=&#8220;on&#8220; da_is_singular=&#8220;off&#8220; da_with_loader=&#8220;off&#8220; da_has_shadow=&#8220;on&#8220;][et_pb_row _builder_version=&#8220;4.9.7&#8243; _module_preset=&#8220;default&#8220; global_colors_info=&#8220;{}&#8220;][et_pb_column type=&#8220;4_4&#8243; _builder_version=&#8220;4.9.7&#8243; _module_preset=&#8220;default&#8220; global_colors_info=&#8220;{}&#8220;][et_pb_text _builder_version=&#8220;4.10.7&#8243; _module_preset=&#8220;default&#8220; text_font=&#8220;|800|||||||&#8220; text_text_color=&#8220;#FFFFFF&#8220; text_font_size=&#8220;60px&#8220; text_font_size_tablet=&#8220;&#8220; text_font_size_phone=&#8220;25px&#8220; text_font_size_last_edited=&#8220;on|phone&#8220; text_text_shadow_style=&#8220;preset1&#8243; global_colors_info=&#8220;{}&#8220;]<\/p>\n<p>\u00dcber uns<\/p>\n<p>[\/et_pb_text][\/et_pb_column][\/et_pb_row][\/et_pb_section][et_pb_section fb_built=&#8220;1&#8243; _builder_version=&#8220;4.9.7&#8243; _module_preset=&#8220;default&#8220; da_disable_devices=&#8220;off|off|off&#8220; global_colors_info=&#8220;{}&#8220; da_is_popup=&#8220;off&#8220; da_exit_intent=&#8220;off&#8220; da_has_close=&#8220;on&#8220; da_alt_close=&#8220;off&#8220; da_dark_close=&#8220;off&#8220; da_not_modal=&#8220;on&#8220; da_is_singular=&#8220;off&#8220; da_with_loader=&#8220;off&#8220; da_has_shadow=&#8220;on&#8220;][et_pb_row _builder_version=&#8220;4.11.4&#8243; _module_preset=&#8220;default&#8220; module_alignment=&#8220;center&#8220; global_colors_info=&#8220;{}&#8220;][et_pb_column type=&#8220;4_4&#8243; _builder_version=&#8220;4.9.7&#8243; _module_preset=&#8220;default&#8220; global_colors_info=&#8220;{}&#8220;][et_pb_text _builder_version=&#8220;4.11.4&#8243; _module_preset=&#8220;default&#8220; text_font=&#8220;Montserrat||||||||&#8220; text_text_color=&#8220;#0087A4&#8243; text_orientation=&#8220;center&#8220; global_colors_info=&#8220;{}&#8220;]<\/p>\n<p>Unser Ziel ist es, unsere Patienten mit h\u00f6chster Qualit\u00e4t in Form von Leistung und Service, zu einem strahlenden L\u00e4cheln zu verhelfen.<\/p>\n<p>Vertrauen wird bei uns an erste Stelle gesetzt. Aus diesem Grunde sind wir Rund um die Uhr pers\u00f6nlich f\u00fcr Sie da.<\/p>\n<p style=\"text-align: center;\"><b>&#8222;Ihr L\u00e4cheln ist unser Erfolg\u201c<\/b><\/p>\n<p>[\/et_pb_text][\/et_pb_column][\/et_pb_row][\/et_pb_section][et_pb_section fb_built=&#8220;1&#8243; _builder_version=&#8220;4.14.1&#8243; _module_preset=&#8220;default&#8220; da_disable_devices=&#8220;off|off|off&#8220; global_colors_info=&#8220;{}&#8220; da_is_popup=&#8220;off&#8220; da_exit_intent=&#8220;off&#8220; da_has_close=&#8220;on&#8220; da_alt_close=&#8220;off&#8220; da_dark_close=&#8220;off&#8220; da_not_modal=&#8220;on&#8220; da_is_singular=&#8220;off&#8220; da_with_loader=&#8220;off&#8220; da_has_shadow=&#8220;on&#8220;][et_pb_row _builder_version=&#8220;4.14.1&#8243; _module_preset=&#8220;default&#8220; global_colors_info=&#8220;{}&#8220;][et_pb_column type=&#8220;4_4&#8243; _builder_version=&#8220;4.14.1&#8243; _module_preset=&#8220;default&#8220; global_colors_info=&#8220;{}&#8220;][dsm_caldera_forms cf_library=&#8220;CF61a4e62f13d2d&#8220; show_validation=&#8220;on&#8220; label_required_asterisk_color=&#8220;#8300E9&#8243; button_alignment=&#8220;right&#8220; radio_checked_color=&#8220;#8300E9&#8243; checkbox_checked_color=&#8220;#8300E9&#8243; _builder_version=&#8220;4.14.1&#8243; _module_preset=&#8220;default&#8220; header_text_color=&#8220;#0087A4&#8243; header_3_text_color=&#8220;#0087A4&#8243; body_font=&#8220;||||||||&#8220; body_text_color=&#8220;#0087A4&#8243; labels_text_color=&#8220;#8300E9&#8243; description_text_color=&#8220;#0087A4&#8243; input_textarea_select_text_color=&#8220;#0087A4&#8243; input_textarea_select_focus_text_color=&#8220;#0087A4&#8243; placeholder_text_color=&#8220;rgba(131,0,233,0.23)&#8220; radio_text_color=&#8220;#0087A4&#8243; checkbox_text_color=&#8220;#0087A4&#8243; error_msg_text_color=&#8220;#E06F69&#8243; success_validation_text_color=&#8220;#0087A4&#8243; custom_padding=&#8220;75px|50px|50px|50px|false|true&#8220; border_radii=&#8220;on|20px|20px|20px|20px&#8220; box_shadow_style=&#8220;preset2&#8243; global_colors_info=&#8220;{}&#8220;][\/dsm_caldera_forms][\/et_pb_column][\/et_pb_row][\/et_pb_section]<\/p>\n","protected":false},"excerpt":{"rendered":"<p>\u00dcber unsUnser Ziel ist es, unsere Patienten mit h\u00f6chster Qualit\u00e4t in Form von Leistung und Service, zu einem strahlenden L\u00e4cheln zu verhelfen. Vertrauen wird bei uns an erste Stelle gesetzt. Aus diesem Grunde sind wir Rund um die Uhr pers\u00f6nlich f\u00fcr Sie da. &#8222;Ihr L\u00e4cheln ist unser Erfolg\u201c<div class=\"et_pb_module dsm_caldera_forms dsm_caldera_forms_0  dsm_cf_custom_radio dsm_cf_custom_checkbox\">\n\t\t\t\t\n\t\t\t\t\n\t\t\t\t\n\t\t\t\t\n\t\t\t\t\n\t\t\t\t\n\t\t\t\t<div class=\"et_pb_module_inner\">\n\t\t\t\t\t<div class=\"\">\n\t\t\t\t\n\t\t\t<\/div>\n\t\t\t\t<\/div>\n\t\t\t<\/div><\/p>\n","protected":false},"author":1,"featured_media":0,"parent":0,"menu_order":0,"comment_status":"closed","ping_status":"closed","template":"","meta":{"_et_pb_use_builder":"on","_et_pb_old_content":"<!-- wp:divi\/placeholder \/-->","_et_gb_content_width":"","_mi_skip_tracking":false},"aioseo_notices":[],"_links":{"self":[{"href":"https:\/\/travelforbeauty.de\/de\/wp-json\/wp\/v2\/pages\/23"}],"collection":[{"href":"https:\/\/travelforbeauty.de\/de\/wp-json\/wp\/v2\/pages"}],"about":[{"href":"https:\/\/travelforbeauty.de\/de\/wp-json\/wp\/v2\/types\/page"}],"author":[{"embeddable":true,"href":"https:\/\/travelforbeauty.de\/de\/wp-json\/wp\/v2\/users\/1"}],"replies":[{"embeddable":true,"href":"https:\/\/travelforbeauty.de\/de\/wp-json\/wp\/v2\/comments?post=23"}],"version-history":[{"count":20,"href":"https:\/\/travelforbeauty.de\/de\/wp-json\/wp\/v2\/pages\/23\/revisions"}],"predecessor-version":[{"id":865,"href":"https:\/\/travelforbeauty.de\/de\/wp-json\/wp\/v2\/pages\/23\/revisions\/865"}],"wp:attachment":[{"href":"https:\/\/travelforbeauty.de\/de\/wp-json\/wp\/v2\/media?parent=23"}],"curies":[{"name":"wp","href":"https:\/\/api.w.org\/{rel}","templated":true}]}}