{"id":3,"date":"2021-07-04T23:43:25","date_gmt":"2021-07-04T23:43:25","guid":{"rendered":"https:\/\/travelforbeauty.de\/?page_id=3"},"modified":"2021-10-31T19:50:24","modified_gmt":"2021-10-31T19:50:24","slug":"privacy-policy","status":"publish","type":"page","link":"https:\/\/travelforbeauty.de\/de\/privacy-policy\/","title":{"rendered":"Privacy Policy"},"content":{"rendered":"<p>[et_pb_section fb_built=&#8220;1&#8243; admin_label=&#8220;section&#8220; _builder_version=&#8220;3.22&#8243; da_disable_devices=&#8220;off|off|off&#8220; global_colors_info=&#8220;{}&#8220; da_is_popup=&#8220;off&#8220; da_exit_intent=&#8220;off&#8220; da_has_close=&#8220;on&#8220; da_alt_close=&#8220;off&#8220; da_dark_close=&#8220;off&#8220; da_not_modal=&#8220;on&#8220; da_is_singular=&#8220;off&#8220; da_with_loader=&#8220;off&#8220; da_has_shadow=&#8220;on&#8220;][et_pb_row admin_label=&#8220;row&#8220; _builder_version=&#8220;4.12.0&#8243; background_size=&#8220;initial&#8220; background_position=&#8220;top_left&#8220; background_repeat=&#8220;repeat&#8220; global_colors_info=&#8220;{}&#8220;][et_pb_column type=&#8220;4_4&#8243; _builder_version=&#8220;3.25&#8243; custom_padding=&#8220;|||&#8220; global_colors_info=&#8220;{}&#8220; custom_padding__hover=&#8220;|||&#8220;][et_pb_text admin_label=&#8220;Text&#8220; _builder_version=&#8220;4.12.0&#8243; background_size=&#8220;initial&#8220; background_position=&#8220;top_left&#8220; background_repeat=&#8220;repeat&#8220; hover_enabled=&#8220;0&#8243; global_colors_info=&#8220;{}&#8220; sticky_enabled=&#8220;0&#8243;]<\/p>\n<h3><strong>DATENSCHUTZ- UND DATENPOLITIK<\/strong><\/h3>\n<p>&nbsp;<\/p>\n<p>Diese Datenschutzrichtlinie legt dar, wie <strong>T4B<\/strong> alle Informationen verwendet und sch\u00fctzt, die Sie der Klinik bei der Nutzung dieser Website zur Verf\u00fcgung stellen.<\/p>\n<p><strong>T4B<\/strong> verpflichtet sich, sicherzustellen, dass Ihre Privatsph\u00e4re gesch\u00fctzt ist. Sollten wir bei der Nutzung dieser Website bestimmte Informationen anfordern, anhand derer Sie identifiziert werden k\u00f6nnen, k\u00f6nnen Sie sicher sein, dass diese nur in \u00dcbereinstimmung mit dieser Datenschutzerkl\u00e4rung und bestimmungsgem\u00e4\u00df verwendet werden. Wir geben Ihre Daten nicht an Dritte weiter, es sei denn, dies ist f\u00fcr administrative Zwecke im Zusammenhang mit einigen der von <strong>T4B<\/strong> angebotenen Dienstleistungen erforderlich. Wir bef\u00fcrworten und halten uns voll und ganz an die Grunds\u00e4tze des Datenschutzes.<\/p>\n<p>&nbsp;<\/p>\n<p><strong>Welche Informationen sammeln wir? :<\/strong><\/p>\n<p>Wir k\u00f6nnen die folgenden Arten von personenbezogenen Daten erheben, speichern und verwenden:<\/p>\n<p>(a) Wir k\u00f6nnen Informationen \u00fcber Ihren Computer und Ihre Besuche auf dieser Website sammeln, wie z. B. Ihre IP-Adresse, Ihren geografischen Standort, den Browsertyp, die Verweisquelle, die Dauer des Besuchs und die Anzahl der Seitenaufrufe. Wir k\u00f6nnen diese Informationen zur Verwaltung dieser Website verwenden, um die Benutzerfreundlichkeit der Website zu verbessern und f\u00fcr Marketingzwecke.<\/p>\n<p>(b) Informationen, die Sie uns per Telefon oder auf dieser Website zur Verf\u00fcgung stellen, um unsere Website-Dienste, E-Mail-Benachrichtigungen und\/oder Newsletter zu abonnieren;<\/p>\n<p>(c) Alle anderen Informationen, die Sie uns senden m\u00f6chten.<\/p>\n<p>&nbsp;<\/p>\n<p><strong>Verwendung Ihrer pers\u00f6nlichen Daten:<\/strong><\/p>\n<p>Personenbezogene Daten, die uns \u00fcber diese Website \u00fcbermittelt werden, werden f\u00fcr die in dieser Datenschutzerkl\u00e4rung oder in relevanten Teilen der Website angegebenen Zwecke verwendet.<\/p>\n<p>&nbsp;<\/p>\n<p><strong>Wir k\u00f6nnen Ihre personenbezogenen Daten verwenden, um:<\/strong><\/p>\n<p>(a) die Website verwalten; (b) Ihr Surferlebnis zu verbessern, indem Sie die Website personalisieren; (c) Ihre Nutzung der auf der Website verf\u00fcgbaren Dienste zu erm\u00f6glichen; (d) Ihnen allgemeine kommerzielle Mitteilungen zu senden; (e) Ihnen E-Mail-Benachrichtigungen zu senden, die Sie speziell angefordert haben; (f) Ihnen Marketingmitteilungen zu unserem Gesch\u00e4ft, von denen wir glauben, dass sie f\u00fcr Sie von Interesse sein k\u00f6nnten, per Post oder, wenn Sie dem ausdr\u00fccklich zugestimmt haben, per E-Mail oder \u00e4hnlicher Technologie zusenden (Sie k\u00f6nnen uns jederzeit informieren, wenn Sie nicht mehr Marketingmitteilungen erfordern); (g) Ihre Daten an Dritte oder Partnerunternehmen weiterzugeben, um von Ihnen angeforderte Informationen zu liefern. (h) Bearbeitung von Anfragen und Beschwerden von oder \u00fcber Sie in Bezug auf die Website; Wenn Sie personenbezogene Daten zur Ver\u00f6ffentlichung auf unserer Website \u00fcbermitteln, werden wir diese Daten gem\u00e4\u00df der von Ihnen erteilten Lizenz ver\u00f6ffentlichen und anderweitig verwenden. Wir werden Ihre personenbezogenen Daten ohne Ihre Zustimmung nicht an Dritte zum Zwecke des Direktmarketings weitergeben.<\/p>\n<p>&nbsp;<\/p>\n<p><strong>Sonstige Angaben:<\/strong><\/p>\n<p>Zus\u00e4tzlich zu den Offenlegungen, die f\u00fcr die an anderer Stelle in dieser Datenschutzrichtlinie genannten Zwecke erforderlich sind, k\u00f6nnen wir Informationen \u00fcber Sie offenlegen: (a) Soweit wir gesetzlich dazu verpflichtet sind; (b) im Zusammenhang mit Gerichtsverfahren oder zuk\u00fcnftigen Gerichtsverfahren; (c) Um unsere gesetzlichen Rechte zu begr\u00fcnden, auszu\u00fcben oder zu verteidigen (einschlie\u00dflich der Weitergabe von Informationen an andere zum Zwecke der Betrugspr\u00e4vention und Reduzierung des Kreditrisikos); (d) An den K\u00e4ufer oder Verk\u00e4ufer (oder potenzielle K\u00e4ufer oder Verk\u00e4ufer) eines Gesch\u00e4fts oder Verm\u00f6genswerts, den wir verkaufen oder kaufen (oder erw\u00e4gen); (e) An jede Person, von der wir vern\u00fcnftigerweise glauben, dass sie bei einem Gericht oder einer anderen zust\u00e4ndigen Beh\u00f6rde die Offenlegung dieser personenbezogenen Daten beantragen kann, wenn ein solches Gericht oder eine solche Beh\u00f6rde nach unserer begr\u00fcndeten Meinung mit hinreichender Wahrscheinlichkeit die Offenlegung dieser personenbezogenen Daten anordnen w\u00fcrde. Au\u00dfer wie in dieser Datenschutzerkl\u00e4rung vorgesehen, geben wir Ihre Daten nicht an Dritte weiter.<\/p>\n<p>&nbsp;<\/p>\n<p><strong>Sicherheit Ihrer pers\u00f6nlichen Daten:<\/strong><\/p>\n<p>Wir treffen angemessene technische und organisatorische Vorkehrungen, um den Verlust, Missbrauch oder die \u00c4nderung Ihrer personenbezogenen Daten zu verhindern. Nat\u00fcrlich ist die Daten\u00fcbertragung \u00fcber das Internet von Natur aus unsicher, und wir k\u00f6nnen die Sicherheit der \u00fcber das Internet gesendeten Daten nicht garantieren. Wir speichern alle von Ihnen angegebenen personenbezogenen Daten auf unseren sicheren Servern.<\/p>\n<p>&nbsp;<\/p>\n<p><strong>Richtlinien\u00e4nderungen:<\/strong><\/p>\n<p>Wir k\u00f6nnen diese Datenschutzrichtlinie von Zeit zu Zeit aktualisieren, indem wir eine neue Version auf unserer Website ver\u00f6ffentlichen. Sie sollten diese Seite gelegentlich \u00fcberpr\u00fcfen, um sicherzustellen, dass Sie mit den \u00c4nderungen zufrieden sind.<\/p>\n<p>&nbsp;<\/p>\n<p><strong>Deine Rechte :<\/strong><\/p>\n<p>Wir k\u00f6nnen diese personenbezogenen Daten im gesetzlich zul\u00e4ssigen Umfang zur\u00fcckhalten.<\/p>\n<p>Sie k\u00f6nnen uns jederzeit anweisen, Ihre personenbezogenen Daten nicht zu Marketingzwecken per E-Mail zu verarbeiten. In der Praxis stimmen Sie in der Regel entweder der Verwendung Ihrer personenbezogenen Daten zu Marketingzwecken im Voraus ausdr\u00fccklich zu oder wir geben Ihnen die M\u00f6glichkeit, der Nutzung Ihrer personenbezogenen Daten zu Marketingzwecken zu widersprechen.<\/p>\n<p>&nbsp;<\/p>\n<p><strong>Kekse :<\/strong><\/p>\n<p>Wir verwenden Cookies auf dieser Website. Ein Cookie ist eine kleine Datei, die um Erlaubnis bittet, auf der Festplatte Ihres Computers platziert zu werden. Cookies erm\u00f6glichen es Webanwendungen, Ihnen als Einzelperson zu antworten. Die Webanwendung kann ihren Betrieb an Ihre Bed\u00fcrfnisse, Vorlieben und Abneigungen anpassen, indem sie Informationen \u00fcber Ihre Pr\u00e4ferenzen sammelt und speichert. Sie k\u00f6nnen Cookies akzeptieren oder ablehnen. Die meisten Webbrowser akzeptieren Cookies automatisch, aber Sie k\u00f6nnen in der Regel Ihre Browsereinstellungen \u00e4ndern, um Cookies abzulehnen, wenn Sie dies vorziehen. Dies kann Sie daran hindern, die Website in vollem Umfang zu nutzen.<\/p>\n<p>&nbsp;<\/p>\n<p><strong>Websites von Drittanbietern:<\/strong><\/p>\n<p>Unsere Website kann Links zu anderen interessanten Websites enthalten. Sobald Sie jedoch diese Links verwendet haben, um unsere Website zu verlassen, sollten Sie beachten, dass wir keine Kontrolle \u00fcber diese andere Website haben. Daher k\u00f6nnen wir nicht f\u00fcr den Schutz und die Vertraulichkeit von Informationen verantwortlich sein, die Sie beim Besuch dieser Websites bereitstellen, und diese Websites unterliegen nicht dieser Datenschutzerkl\u00e4rung. Sie sollten Vorsicht walten lassen und die f\u00fcr die betreffende Website geltende Datenschutzerkl\u00e4rung lesen.<\/p>\n<p>&nbsp;<\/p>\n<p><strong>Kontakt :<\/strong><\/p>\n<p>Bei Fragen zu dieser Datenschutzerkl\u00e4rung oder unserem Umgang mit Ihren personenbezogenen Daten wenden Sie sich bitte per E-Mail an <strong>info@travelforbeauty.de<\/strong> oder telefonisch unter <strong>(0049) 151 257 427 65<\/strong> an den entsprechenden Verantwortlichen.<\/p>\n<p>&nbsp;<\/p>\n<p><strong>Abbestellen :<\/strong><\/p>\n<p>Wenn Sie keine Werbe-E-Mails mehr von <strong>T4B<\/strong> erhalten m\u00f6chten, k\u00f6nnen Sie sich von allen Mitteilungen abmelden, indem Sie unten in unseren E-Mails auf die Schaltfl\u00e4che \u201eAbmelden\u201c klicken.<\/p>\n<p>[\/et_pb_text][\/et_pb_column][\/et_pb_row][\/et_pb_section]<\/p>\n","protected":false},"excerpt":{"rendered":"<p>DATENSCHUTZ- UND DATENPOLITIK &nbsp; Diese Datenschutzrichtlinie legt dar, wie T4B alle Informationen verwendet und sch\u00fctzt, die Sie der Klinik bei der Nutzung dieser Website zur Verf\u00fcgung stellen. T4B verpflichtet sich, sicherzustellen, dass Ihre Privatsph\u00e4re gesch\u00fctzt ist. Sollten wir bei der Nutzung dieser Website bestimmte Informationen anfordern, anhand derer Sie identifiziert werden k\u00f6nnen, k\u00f6nnen Sie sicher [&hellip;]<\/p>\n","protected":false},"author":1,"featured_media":0,"parent":0,"menu_order":0,"comment_status":"closed","ping_status":"open","template":"","meta":{"_et_pb_use_builder":"on","_et_pb_old_content":"<!-- wp:heading -->\n<h2>Who we are<\/h2>\n<!-- \/wp:heading -->\n\n<!-- wp:paragraph -->\n<p><strong class=\"privacy-policy-tutorial\">Suggested text: <\/strong>Our website address is: https:\/\/travelforbeauty.de.<\/p>\n<!-- \/wp:paragraph -->\n\n<!-- wp:heading -->\n<h2>Comments<\/h2>\n<!-- \/wp:heading -->\n\n<!-- wp:paragraph -->\n<p><strong class=\"privacy-policy-tutorial\">Suggested text: <\/strong>When visitors leave comments on the site we collect the data shown in the comments form, and also the visitor\u2019s IP address and browser user agent string to help spam detection.<\/p>\n<!-- \/wp:paragraph -->\n\n<!-- wp:paragraph -->\n<p>An anonymized string created from your email address (also called a hash) may be provided to the Gravatar service to see if you are using it. The Gravatar service privacy policy is available here: https:\/\/automattic.com\/privacy\/. After approval of your comment, your profile picture is visible to the public in the context of your comment.<\/p>\n<!-- \/wp:paragraph -->\n\n<!-- wp:heading -->\n<h2>Media<\/h2>\n<!-- \/wp:heading -->\n\n<!-- wp:paragraph -->\n<p><strong class=\"privacy-policy-tutorial\">Suggested text: <\/strong>If you upload images to the website, you should avoid uploading images with embedded location data (EXIF GPS) included. Visitors to the website can download and extract any location data from images on the website.<\/p>\n<!-- \/wp:paragraph -->\n\n<!-- wp:heading -->\n<h2>Cookies<\/h2>\n<!-- \/wp:heading -->\n\n<!-- wp:paragraph -->\n<p><strong class=\"privacy-policy-tutorial\">Suggested text: <\/strong>If you leave a comment on our site you may opt-in to saving your name, email address and website in cookies. These are for your convenience so that you do not have to fill in your details again when you leave another comment. These cookies will last for one year.<\/p>\n<!-- \/wp:paragraph -->\n\n<!-- wp:paragraph -->\n<p>If you visit our login page, we will set a temporary cookie to determine if your browser accepts cookies. This cookie contains no personal data and is discarded when you close your browser.<\/p>\n<!-- \/wp:paragraph -->\n\n<!-- wp:paragraph -->\n<p>When you log in, we will also set up several cookies to save your login information and your screen display choices. Login cookies last for two days, and screen options cookies last for a year. If you select \"Remember Me\", your login will persist for two weeks. If you log out of your account, the login cookies will be removed.<\/p>\n<!-- \/wp:paragraph -->\n\n<!-- wp:paragraph -->\n<p>If you edit or publish an article, an additional cookie will be saved in your browser. This cookie includes no personal data and simply indicates the post ID of the article you just edited. It expires after 1 day.<\/p>\n<!-- \/wp:paragraph -->\n\n<!-- wp:heading -->\n<h2>Embedded content from other websites<\/h2>\n<!-- \/wp:heading -->\n\n<!-- wp:paragraph -->\n<p><strong class=\"privacy-policy-tutorial\">Suggested text: <\/strong>Articles on this site may include embedded content (e.g. videos, images, articles, etc.). Embedded content from other websites behaves in the exact same way as if the visitor has visited the other website.<\/p>\n<!-- \/wp:paragraph -->\n\n<!-- wp:paragraph -->\n<p>These websites may collect data about you, use cookies, embed additional third-party tracking, and monitor your interaction with that embedded content, including tracking your interaction with the embedded content if you have an account and are logged in to that website.<\/p>\n<!-- \/wp:paragraph -->\n\n<!-- wp:heading -->\n<h2>Who we share your data with<\/h2>\n<!-- \/wp:heading -->\n\n<!-- wp:paragraph -->\n<p><strong class=\"privacy-policy-tutorial\">Suggested text: <\/strong>If you request a password reset, your IP address will be included in the reset email.<\/p>\n<!-- \/wp:paragraph -->\n\n<!-- wp:heading -->\n<h2>How long we retain your data<\/h2>\n<!-- \/wp:heading -->\n\n<!-- wp:paragraph -->\n<p><strong class=\"privacy-policy-tutorial\">Suggested text: <\/strong>If you leave a comment, the comment and its metadata are retained indefinitely. This is so we can recognize and approve any follow-up comments automatically instead of holding them in a moderation queue.<\/p>\n<!-- \/wp:paragraph -->\n\n<!-- wp:paragraph -->\n<p>For users that register on our website (if any), we also store the personal information they provide in their user profile. All users can see, edit, or delete their personal information at any time (except they cannot change their username). Website administrators can also see and edit that information.<\/p>\n<!-- \/wp:paragraph -->\n\n<!-- wp:heading -->\n<h2>What rights you have over your data<\/h2>\n<!-- \/wp:heading -->\n\n<!-- wp:paragraph -->\n<p><strong class=\"privacy-policy-tutorial\">Suggested text: <\/strong>If you have an account on this site, or have left comments, you can request to receive an exported file of the personal data we hold about you, including any data you have provided to us. You can also request that we erase any personal data we hold about you. This does not include any data we are obliged to keep for administrative, legal, or security purposes.<\/p>\n<!-- \/wp:paragraph -->\n\n<!-- wp:heading -->\n<h2>Where we send your data<\/h2>\n<!-- \/wp:heading -->\n\n<!-- wp:paragraph -->\n<p><strong class=\"privacy-policy-tutorial\">Suggested text: <\/strong>Visitor comments may be checked through an automated spam detection service.<\/p>\n<!-- \/wp:paragraph -->","_et_gb_content_width":"","_mi_skip_tracking":false},"aioseo_notices":[],"_links":{"self":[{"href":"https:\/\/travelforbeauty.de\/de\/wp-json\/wp\/v2\/pages\/3"}],"collection":[{"href":"https:\/\/travelforbeauty.de\/de\/wp-json\/wp\/v2\/pages"}],"about":[{"href":"https:\/\/travelforbeauty.de\/de\/wp-json\/wp\/v2\/types\/page"}],"author":[{"embeddable":true,"href":"https:\/\/travelforbeauty.de\/de\/wp-json\/wp\/v2\/users\/1"}],"replies":[{"embeddable":true,"href":"https:\/\/travelforbeauty.de\/de\/wp-json\/wp\/v2\/comments?post=3"}],"version-history":[{"count":0,"href":"https:\/\/travelforbeauty.de\/de\/wp-json\/wp\/v2\/pages\/3\/revisions"}],"wp:attachment":[{"href":"https:\/\/travelforbeauty.de\/de\/wp-json\/wp\/v2\/media?parent=3"}],"curies":[{"name":"wp","href":"https:\/\/api.w.org\/{rel}","templated":true}]}}