{"id":455,"date":"2021-09-28T08:06:35","date_gmt":"2021-09-28T08:06:35","guid":{"rendered":"https:\/\/travelforbeauty.de\/?page_id=455"},"modified":"2021-10-31T20:28:33","modified_gmt":"2021-10-31T20:28:33","slug":"f-a-q","status":"publish","type":"page","link":"https:\/\/travelforbeauty.de\/de\/f-a-q\/","title":{"rendered":"F.A.Q."},"content":{"rendered":"<p>[et_pb_section fb_built=&#8220;1&#8243; custom_padding_last_edited=&#8220;on|phone&#8220; _builder_version=&#8220;4.11.3&#8243; _module_preset=&#8220;default&#8220; background_color=&#8220;rgba(0,135,164,0.64)&#8220; min_height_tablet=&#8220;&#8220; min_height_phone=&#8220;&#8220; min_height_last_edited=&#8220;on|phone&#8220; custom_padding_tablet=&#8220;&#8220; custom_padding_phone=&#8220;20px||20px||true|false&#8220; da_disable_devices=&#8220;off|off|off&#8220; border_radii=&#8220;off|||200px|&#8220; border_radii_tablet=&#8220;&#8220; border_radii_phone=&#8220;off|||0px|&#8220; border_radii_last_edited=&#8220;on|phone&#8220; box_shadow_style=&#8220;preset2&#8243; global_colors_info=&#8220;{}&#8220; da_is_popup=&#8220;off&#8220; da_exit_intent=&#8220;off&#8220; da_has_close=&#8220;on&#8220; da_alt_close=&#8220;off&#8220; da_dark_close=&#8220;off&#8220; da_not_modal=&#8220;on&#8220; da_is_singular=&#8220;off&#8220; da_with_loader=&#8220;off&#8220; da_has_shadow=&#8220;on&#8220;][et_pb_row _builder_version=&#8220;4.9.7&#8243; _module_preset=&#8220;default&#8220; global_colors_info=&#8220;{}&#8220;][et_pb_column type=&#8220;4_4&#8243; _builder_version=&#8220;4.9.7&#8243; _module_preset=&#8220;default&#8220; global_colors_info=&#8220;{}&#8220;][et_pb_text _builder_version=&#8220;4.11.1&#8243; _module_preset=&#8220;default&#8220; text_font=&#8220;|800|||||||&#8220; text_text_color=&#8220;#FFFFFF&#8220; text_font_size=&#8220;60px&#8220; text_font_size_tablet=&#8220;&#8220; text_font_size_phone=&#8220;25px&#8220; text_font_size_last_edited=&#8220;on|phone&#8220; text_text_shadow_style=&#8220;preset1&#8243; global_colors_info=&#8220;{}&#8220;]<\/p>\n<p>H\u00e4ufig gestellte Fragen<\/p>\n<p>[\/et_pb_text][\/et_pb_column][\/et_pb_row][\/et_pb_section][et_pb_section fb_built=&#8220;1&#8243; _builder_version=&#8220;4.11.1&#8243; _module_preset=&#8220;default&#8220; da_disable_devices=&#8220;off|off|off&#8220; global_colors_info=&#8220;{}&#8220; da_is_popup=&#8220;off&#8220; da_exit_intent=&#8220;off&#8220; da_has_close=&#8220;on&#8220; da_alt_close=&#8220;off&#8220; da_dark_close=&#8220;off&#8220; da_not_modal=&#8220;on&#8220; da_is_singular=&#8220;off&#8220; da_with_loader=&#8220;off&#8220; da_has_shadow=&#8220;on&#8220;][et_pb_row _builder_version=&#8220;4.11.1&#8243; _module_preset=&#8220;default&#8220; global_colors_info=&#8220;{}&#8220;][et_pb_column type=&#8220;4_4&#8243; _builder_version=&#8220;4.11.1&#8243; _module_preset=&#8220;default&#8220; global_colors_info=&#8220;{}&#8220;][et_pb_text _builder_version=&#8220;4.11.1&#8243; _module_preset=&#8220;default&#8220; text_text_color=&#8220;#0087A4&#8243; global_colors_info=&#8220;{}&#8220;]<\/p>\n<p><strong>Sind mit Schmerzen w\u00e4hrend der Haartransplantation zu rechnen?<\/strong><\/p>\n<p>Abgesehen von den Spritzen f\u00fcr die lokale An\u00e4sthesie, f\u00fchlen sie keine Schmerzen w\u00e4hrend der Operation. In der ersten Nacht, nach der Operation, k\u00f6nnen Schmerzen auftreten, hierf\u00fcr werden sie\u00a0 Medikamente von uns erhalten.<\/p>\n<p><strong>Sind die transplantierten Haare dauerhaft?<\/strong><\/p>\n<p>Die zu transplantierenden Haarwurzeln werden vom unteren Bereich des Hinterkopfes entnommen, welches, auch genetisch, sehr resistent gegen Haarausfall ist. Demzufolge fallen diese nicht mehr aus.<\/p>\n<p><strong>Ist eine Transplantation von einem anderen Spender m\u00f6glich?<\/strong><\/p>\n<p>Nein, eine Haartransplantation ist nur von eigenen Spenderzonen m\u00f6glich. Die einzige Ausnahme w\u00e4re ein\u00a0 eineiiger Zwilling.<\/p>\n<p><strong>Wer kann eine Haartransplantation durchf\u00fchren lassen?<\/strong><\/p>\n<p>Personen mit genetisch bedingtem Haarausfall, Personen die Brand oder Krankheit bedingt\u00a0 Haarausfall erlitten haben oder aber auch die, die schon eine Haartransplantation hatten, aber nicht zufrieden mit dem Ergebnis sind.<\/p>\n<p><strong>Hat die Haartransplantation Nebenwirkungen?<\/strong><\/p>\n<p>Die Haartransplantation an sich keine Nebenwirkungen. Es k\u00f6nnen Personen bedingt \u00a0allergische Reaktionen, auf die Materialien und Substanzen die w\u00e4hrend der Operation verwendet werden, auftreten. Daher sollten sie uns im Vorfeld \u00fcber ihre Allergien informieren.<\/p>\n<p><strong>Wo sollte man eine Haartransplantation durchf\u00fchren lassen?<\/strong><\/p>\n<p>Haartransplantationen sollten in daf\u00fcr vorgesehenen, vor allem gesetzlich vorgeschriebenen, Operationss\u00e4len von Kliniken oder Krankenh\u00e4usern durchgef\u00fchrt werden. Es handelt sich bei der Haartransplantation um eine Operation, daher sind Hygiene und Sterilit\u00e4t unerl\u00e4sslich.<\/p>\n<p><strong>Wer sollte eine Haartransplantation durchf\u00fchren?<\/strong><\/p>\n<p>Haartransplantation sollte unbedingt von erfahrenen Spezialisten durchgef\u00fchrt werden. Ansonsten k\u00f6nnte es unerw\u00fcnschte Folgen haben.<\/p>\n<p><strong>Wie kann ich sicherstellen, ob ich f\u00fcr eine Haartransplantation geeignet bin?<\/strong><\/p>\n<p>Wenn sie uns Bilder von vorne, den Seiten, oben und vom Hinterkopf z.B. per E-Mail oder WhatsApp zusenden, k\u00f6nnen Ihnen unsere Spezialisten f\u00fcr Haartransplantation in der T\u00fcrkei \/ Antalya, mitteilen ob Sie geeignet f\u00fcr eine Haartransplantation sind.<\/p>\n<p><strong>Wann kann ich wieder meinen normalen Alltag fortsetzen?<\/strong><\/p>\n<p>Am n\u00e4chsten Tag nach der Operation k\u00f6nnen sie in den aktiven Alltag\u00a0\u00a0\u00a0\u00a0\u00a0\u00a0 zur\u00fcckkehren. Nat\u00fcrlich m\u00fcssen sie in den ersten 10 Tagen sehr vorsichtig sein. Wir empfehlen 2-3 Ruhetage. Die Krustenbildungen und R\u00f6tungen sollten mit regelm\u00e4\u00dfigem waschen nach 10 Tagen besser werden. Die Krusten k\u00f6nnen sie mit einem Kopftuch verbergen.<\/p>\n<p><strong>Gibt es eine Altersbegrenzung f\u00fcr die Haartransplantation in der T\u00fcrkei?<\/strong><\/p>\n<p>Es gibt keine Altersbegrenzung f\u00fcr die Haartransplantation. Die Operation wird f\u00fcr Personen zwischen 18-80 Jahren durchgef\u00fchrt. Nat\u00fcrlich mit Vorbehalt der Eignung zur Haartransplantation.<\/p>\n<p><strong>Wie lange dauert eine Haartransplantation?<\/strong><\/p>\n<p>Die Dauer der Prozedur variiert je nach Bedarf an\u00a0 Haardichte. Durchschnittlich dauert sie 4-8 Stunden und wird in 3 Schritten ausgef\u00fchrt. Erster Schritt ist das bet\u00e4uben der Spenderzone und Extraktion der Grafts. Beim zweiten Schritt wird der zu transplantierender Bereich bet\u00e4ubt und die Empf\u00e4ngerkan\u00e4le vorbereitet.\u00a0 Das Pflanzen der pr\u00e4parierten Haarwurzeln in die Empf\u00e4ngerkan\u00e4le ist der dritter und letzter Schritt der Haartransplantation.<\/p>\n<p><strong>Wann wachsen die Haare aus den Wurzeln nach der Haartransplantation?<\/strong><\/p>\n<p>Nach der Haartransplantation bilden sich Blutkrusten. Mit einmal t\u00e4glichem waschen (so wie Ihnen die Haarw\u00e4sche von uns beschrieben wird), k\u00f6nnen sie diese Blutkrusten nach ungef\u00e4hr 10 Tagen loswerden. Mit den Blutkrusten fallen auch Haare aus, das nennt man Haarbruch. Das ist aber tempor\u00e4r. In den n\u00e4chsten 6 Wochen k\u00f6nnen alle verpflanzten Haare ausfallen, das ist v\u00f6llig normal, es besteht keinen Grund zur Sorge. Nach noch weiteren 6 Wochen Ruhephase werden langsam die neuen Haare anfangen zu wachsen. Den gr\u00f6\u00dften Unterschied bemerkt man nach ca. 6 Monaten. Nach ca. 1 Jahr sollten alle verpflanzten Haarwurzeln Haare gegeben haben, so dass sie dann Ihre volle Haarpracht nutzen k\u00f6nnen. In manchen F\u00e4llen kann es bis zu 18 Monate dauern. Ern\u00e4hrung und Psychologie spielen hierbei eine gro\u00dfe Rolle.<\/p>\n<p><strong>Gibt es Risiken bei einer<span>\u00a0<\/span><\/strong><strong>Haartransplantation in der Antalya \/ T\u00fcrkei<\/strong><strong>?<\/strong><\/p>\n<p>Haartransplantation unter lokaler An\u00e4sthesie ist kein leichter Eingriff. Wie auch andere Eingriffe, birgt auch diese seine eigenen Risiken. Das gr\u00f6\u00dfte Risiko stellt z.B. die Infektion da, aber sie kommt in \u00e4u\u00dferst seltenen F\u00e4llen vor, da die Kopfhaut sehr gut durchblutet ist. Leichte Blutungen und Bluterg\u00fcsse k\u00f6nnen ab und zu entstehen. Vereinzelt kann es auch vorkommen, dass die Haartransplantate von der Kopfhaut nicht angenommen werden.\u00a0Der Grund hierf\u00fcr ist eine erkrankte Kopfhaut, die kein Wachstum mehr zul\u00e4sst.<\/p>\n<p>Wird u.a. die Wuchsrichtung der Grafts nicht beachtet, werden die Haare in verschiedene Richtungen wachsen.\u00a0Aus diesem Grund braucht gute Haartransplantation einen fachwissenden und erfahrenen Spezialisten.<\/p>\n<p><strong>Wie viele Sitzungen sind f\u00fcr Haartransplantation n\u00f6tig?<\/strong><\/p>\n<p>Um die Anzahl der Sitzungen festzulegen bedarf es mehrere Informationen wie, Dichte der Spenderzone, Gr\u00f6\u00dfe der Kahlstelle, Grund des Haarausfalls und die Fortsetzung und der Gesundheitszustand der Haarwurzel. Sollte eine Sitzung, aus den genannten Gr\u00fcnden, nicht ausreichend sein, k\u00f6nnen 1-2 weitere Sitzungen folgen. Voraussetzung hierf\u00fcr sind gen\u00fcgende Haarwurzel in der Spenderzone. Bei einer Sitzung k\u00f6nnen bis zu 4500 Grafts entnommen werden. Falls diese Anzahl ausreichend ist, bedarf es keiner weiteren Sitzungen mehr. Sollten weitere Sitzungen n\u00f6tig sein, k\u00f6nnen diese erst nach einem Jahr durchgef\u00fchrt werden. Der Grund hierf\u00fcr ist, dass die Haare aus den transplantierten Haarwurzeln erst nach einem Jahr v\u00f6llig rauswachsen.<\/p>\n<p><strong>Welche Jahreszeit ist f\u00fcr die Haartransplantation in der Antalya \/ T\u00fcrkei am besten geeignet?<\/strong><\/p>\n<p>Eine Haartransplantation<span>\u00a0<\/span><strong>in der T\u00fcrkei \/ Antalya<\/strong><span>\u00a0<\/span>k\u00f6nnen Sie zur jeder Jahreszeit durchf\u00fchren lassen. Sie sollten jedoch sehr vorsichtig und sensibel mit Ihren neuen Haaren umgehen. Im Sommer sollten Sie beachten, dass Sie mindestens einen Monat nach der Haartransplantation, unter keinen Umst\u00e4nden ins Meer, Schwimmbad oder Solarium gehen. Vor allem in den ersten Tagen sollte man, im Sommer starken Sonnenstrahl und im Winter Regen vermeiden.<\/p>\n<p><strong>Wie sind die Haare nach der Transplantation zu pflegen?<\/strong><\/p>\n<p>Um die Blutkrusten loszuwerden und eine schnelle Adaptation der neuen Haarwurzel zu erm\u00f6glichen, sollten Sie die Haare einmal T\u00e4glich in den n\u00e4chsten 10 Tagen, mit den von uns bereitgestellten Pflegeshampoo und Lotionen waschen. Vor dem waschen sollten Sie die Lotion hauchd\u00fcnn auf die Spender- und Empf\u00e4ngerzone schonend auftragen. Die Lotion wird von der Haut absorbiert und weicht sich dementsprechend auf. Sie sollten die Lotion f\u00fcr eine halbe Stunde auf der Kopfhaut einwirken lassen. Beim absp\u00fclen sollten Sie die transplantierten Stellen m\u00f6glichst nicht ber\u00fchren. Danach den gleichen Prozess mit Shampoo wiederholen und gr\u00fcndlich durch sp\u00fclen. Zum Schluss den Kopf mit einem weichen Handtuch, ohne reiben, nur tupfend vorsichtig trocknen. Nachdem die Blutkrusten nach 10 Tagen verschwunden sind, k\u00f6nnen Sie Ihre Haare mit eigenem Shampoo nach Belieben waschen.<\/p>\n<p><strong>Wie hoch ist die Erfolgsrate bei einer Haartransplantation in der Antalya \/ T\u00fcrkei?<\/strong><\/p>\n<p>Eine erfolgreiche Haartransplantation in der T\u00fcrkei \/ Antalya bedeutet, eine nat\u00fcrliche, gesunde und vor allem in gleiche Richtungen wachsende Haarpracht zu bekommen. Wenn die Haartransplantation richtig durchgef\u00fchrt wird, liegt Erfolgsrate bei 95 %. Die Erfolgsraten bei der FUE und FUT Methoden sind identisch. Ungeachtet der Methode sind, Bildung, Fachwissen, F\u00e4higkeit und Erfahrung des Spezialisten sehr wichtig f\u00fcr eine erfolgreiche Haartransplantation. Dadurch verhelfen wir unseren Patienten zu nat\u00fcrlich und gut aussehenden Haaren.<\/p>\n<p>[\/et_pb_text][\/et_pb_column][\/et_pb_row][\/et_pb_section]<\/p>\n","protected":false},"excerpt":{"rendered":"<p>H\u00e4ufig gestellte FragenSind mit Schmerzen w\u00e4hrend der Haartransplantation zu rechnen? Abgesehen von den Spritzen f\u00fcr die lokale An\u00e4sthesie, f\u00fchlen sie keine Schmerzen w\u00e4hrend der Operation. In der ersten Nacht, nach der Operation, k\u00f6nnen Schmerzen auftreten, hierf\u00fcr werden sie\u00a0 Medikamente von uns erhalten. Sind die transplantierten Haare dauerhaft? Die zu transplantierenden Haarwurzeln werden vom unteren Bereich [&hellip;]<\/p>\n","protected":false},"author":1,"featured_media":0,"parent":0,"menu_order":0,"comment_status":"closed","ping_status":"closed","template":"","meta":{"_et_pb_use_builder":"on","_et_pb_old_content":"","_et_gb_content_width":"","_mi_skip_tracking":false},"aioseo_notices":[],"_links":{"self":[{"href":"https:\/\/travelforbeauty.de\/de\/wp-json\/wp\/v2\/pages\/455"}],"collection":[{"href":"https:\/\/travelforbeauty.de\/de\/wp-json\/wp\/v2\/pages"}],"about":[{"href":"https:\/\/travelforbeauty.de\/de\/wp-json\/wp\/v2\/types\/page"}],"author":[{"embeddable":true,"href":"https:\/\/travelforbeauty.de\/de\/wp-json\/wp\/v2\/users\/1"}],"replies":[{"embeddable":true,"href":"https:\/\/travelforbeauty.de\/de\/wp-json\/wp\/v2\/comments?post=455"}],"version-history":[{"count":0,"href":"https:\/\/travelforbeauty.de\/de\/wp-json\/wp\/v2\/pages\/455\/revisions"}],"wp:attachment":[{"href":"https:\/\/travelforbeauty.de\/de\/wp-json\/wp\/v2\/media?parent=455"}],"curies":[{"name":"wp","href":"https:\/\/api.w.org\/{rel}","templated":true}]}}