{"id":29,"date":"2021-07-07T09:50:23","date_gmt":"2021-07-07T09:50:23","guid":{"rendered":"https:\/\/travelforbeauty.de\/?page_id=29"},"modified":"2021-10-20T22:41:14","modified_gmt":"2021-10-20T22:41:14","slug":"transfer-hotel","status":"publish","type":"page","link":"https:\/\/travelforbeauty.de\/en\/transfer-hotel\/","title":{"rendered":"Transfer \/ Hotel"},"content":{"rendered":"<p>[et_pb_section fb_built=&#8220;1&#8243; _builder_version=&#8220;4.11.3&#8243; _module_preset=&#8220;default&#8220; background_color=&#8220;rgba(0,135,164,0.64)&#8220; min_height_tablet=&#8220;&#8220; min_height_phone=&#8220;&#8220; min_height_last_edited=&#8220;on|phone&#8220; hover_enabled=&#8220;0&#8243; da_disable_devices=&#8220;off|off|off&#8220; border_radii=&#8220;off|||200px|&#8220; box_shadow_style=&#8220;preset2&#8243; global_colors_info=&#8220;{}&#8220; custom_padding_last_edited=&#8220;on|phone&#8220; custom_padding_phone=&#8220;20px||20px||true|false&#8220; sticky_enabled=&#8220;0&#8243; border_radii_last_edited=&#8220;on|phone&#8220; border_radii_phone=&#8220;off||||&#8220; da_is_popup=&#8220;off&#8220; da_exit_intent=&#8220;off&#8220; da_has_close=&#8220;on&#8220; da_alt_close=&#8220;off&#8220; da_dark_close=&#8220;off&#8220; da_not_modal=&#8220;on&#8220; da_is_singular=&#8220;off&#8220; da_with_loader=&#8220;off&#8220; da_has_shadow=&#8220;on&#8220;][et_pb_row _builder_version=&#8220;4.9.7&#8243; _module_preset=&#8220;default&#8220; global_colors_info=&#8220;{}&#8220;][et_pb_column type=&#8220;4_4&#8243; _builder_version=&#8220;4.9.7&#8243; _module_preset=&#8220;default&#8220; global_colors_info=&#8220;{}&#8220;][et_pb_text _builder_version=&#8220;4.10.7&#8243; _module_preset=&#8220;default&#8220; text_font=&#8220;|800|||||||&#8220; text_text_color=&#8220;#FFFFFF&#8220; text_font_size=&#8220;60px&#8220; text_font_size_tablet=&#8220;&#8220; text_font_size_phone=&#8220;25px&#8220; text_font_size_last_edited=&#8220;on|phone&#8220; text_text_shadow_style=&#8220;preset1&#8243; global_colors_info=&#8220;{}&#8220;]<\/p>\n<p>Transfer \/ Hotel<\/p>\n<p>[\/et_pb_text][\/et_pb_column][\/et_pb_row][\/et_pb_section][et_pb_section fb_built=&#8220;1&#8243; fullwidth=&#8220;on&#8220; _builder_version=&#8220;4.10.5&#8243; _module_preset=&#8220;default&#8220; da_disable_devices=&#8220;off|off|off&#8220; global_colors_info=&#8220;{}&#8220; da_is_popup=&#8220;off&#8220; da_exit_intent=&#8220;off&#8220; da_has_close=&#8220;on&#8220; da_alt_close=&#8220;off&#8220; da_dark_close=&#8220;off&#8220; da_not_modal=&#8220;on&#8220; da_is_singular=&#8220;off&#8220; da_with_loader=&#8220;off&#8220; da_has_shadow=&#8220;on&#8220;][et_pb_fullwidth_slider _builder_version=&#8220;4.11.1&#8243; _module_preset=&#8220;default&#8220; min_height=&#8220;91vh&#8220; global_colors_info=&#8220;{}&#8220;][et_pb_slide _builder_version=&#8220;4.10.7&#8243; _module_preset=&#8220;default&#8220; background_enable_color=&#8220;off&#8220; background_image=&#8220;https:\/\/travelforbeauty.de\/wp-content\/uploads\/2021\/09\/unnamed-scaled.jpg&#8220; background_enable_image=&#8220;on&#8220; global_colors_info=&#8220;{}&#8220; sticky_transition=&#8220;on&#8220;][\/et_pb_slide][et_pb_slide _builder_version=&#8220;4.10.5&#8243; _module_preset=&#8220;default&#8220; background_enable_color=&#8220;off&#8220; background_image=&#8220;https:\/\/travelforbeauty.de\/wp-content\/uploads\/2021\/09\/DSC_0463.jpg&#8220; background_enable_image=&#8220;on&#8220; global_colors_info=&#8220;{}&#8220; sticky_transition=&#8220;on&#8220;][\/et_pb_slide][et_pb_slide _builder_version=&#8220;4.11.1&#8243; _module_preset=&#8220;default&#8220; background_enable_color=&#8220;off&#8220; background_image=&#8220;https:\/\/travelforbeauty.de\/wp-content\/uploads\/2021\/10\/transfer.jpeg&#8220; background_enable_image=&#8220;on&#8220; global_colors_info=&#8220;{}&#8220; sticky_transition=&#8220;on&#8220;][\/et_pb_slide][\/et_pb_fullwidth_slider][\/et_pb_section][et_pb_section fb_built=&#8220;1&#8243; module_id=&#8220;haart&#8220; _builder_version=&#8220;4.11.2&#8243; _module_preset=&#8220;default&#8220; background_image=&#8220;https:\/\/travelforbeauty.de\/wp-content\/uploads\/2021\/09\/furley_bg.png&#8220; background_size=&#8220;initial&#8220; background_repeat=&#8220;repeat&#8220; custom_padding=&#8220;24px||8px|||&#8220; da_disable_devices=&#8220;off|off|off&#8220; border_radii=&#8220;off|200px||200px|&#8220; border_color_all=&#8220;#0087A4&#8243; global_colors_info=&#8220;{}&#8220; da_is_popup=&#8220;off&#8220; da_exit_intent=&#8220;off&#8220; da_has_close=&#8220;on&#8220; da_alt_close=&#8220;off&#8220; da_dark_close=&#8220;off&#8220; da_not_modal=&#8220;on&#8220; da_is_singular=&#8220;off&#8220; da_with_loader=&#8220;off&#8220; da_has_shadow=&#8220;on&#8220;][et_pb_row _builder_version=&#8220;4.9.10&#8243; _module_preset=&#8220;default&#8220; global_colors_info=&#8220;{}&#8220;][et_pb_column type=&#8220;4_4&#8243; _builder_version=&#8220;4.9.10&#8243; _module_preset=&#8220;default&#8220; global_colors_info=&#8220;{}&#8220;][et_pb_text _builder_version=&#8220;4.10.7&#8243; _module_preset=&#8220;default&#8220; text_font=&#8220;||||||||&#8220; text_font_size=&#8220;15px&#8220; header_font=&#8220;|300|||||||&#8220; header_text_color=&#8220;#0087A4&#8243; header_font_size=&#8220;50px&#8220; header_font_size_tablet=&#8220;&#8220; header_font_size_phone=&#8220;25px&#8220; header_font_size_last_edited=&#8220;on|phone&#8220; global_colors_info=&#8220;{}&#8220;]<\/p>\n<h1 style=\"text-align: center;\">Course of your stay<\/h1>\n<p>[\/et_pb_text][\/et_pb_column][\/et_pb_row][\/et_pb_section][et_pb_section fb_built=&#8220;1&#8243; _builder_version=&#8220;4.9.10&#8243; _module_preset=&#8220;default&#8220; custom_padding=&#8220;24px||8px|||&#8220; da_disable_devices=&#8220;off|off|off&#8220; global_colors_info=&#8220;{}&#8220; da_is_popup=&#8220;off&#8220; da_exit_intent=&#8220;off&#8220; da_has_close=&#8220;on&#8220; da_alt_close=&#8220;off&#8220; da_dark_close=&#8220;off&#8220; da_not_modal=&#8220;on&#8220; da_is_singular=&#8220;off&#8220; da_with_loader=&#8220;off&#8220; da_has_shadow=&#8220;on&#8220;][et_pb_row _builder_version=&#8220;4.10.5&#8243; _module_preset=&#8220;default&#8220; global_colors_info=&#8220;{}&#8220;][et_pb_column type=&#8220;4_4&#8243; _builder_version=&#8220;4.10.5&#8243; _module_preset=&#8220;default&#8220; global_colors_info=&#8220;{}&#8220;][et_pb_text _builder_version=&#8220;4.11.1&#8243; _module_preset=&#8220;default&#8220; text_text_color=&#8220;#0087A4&#8243; header_font=&#8220;|700|||||||&#8220; header_text_color=&#8220;#0087A4&#8243; header_3_text_color=&#8220;#0087A4&#8243; global_colors_info=&#8220;{}&#8220;]<\/p>\n<h3><strong>Day 1 - transfer<\/strong><\/h3>\n<p>We will personally welcome you at the airport (name tag) We will of course also accompany you personally for the preliminary examination on the first day. Then we will bring you to your accommodation.<\/p>\n<p>&nbsp;<\/p>\n<h3><strong>Hotel<\/strong><\/h3>\n<p>We will accommodate you in hotels selected by us. The hotel category is 3-5 stars (as requested). You get breakfast<\/p>\n<p>&nbsp;<\/p>\n<h3><strong>Day 2 - Day of Surgery<\/strong><\/h3>\n<p>We will pick you up at your hotel and accompany you to the clinic. After the operation, you will go to your hotel to relax. Of course, we can also advise you with companies<\/p>\n<p>&nbsp;<\/p>\n<h3><strong>Day 3 - 10th day - Follow-Up \u0130nspection and Discharge<\/strong><\/h3>\n<p>After a successful final examination, we will bring you to your hotel or your departure airport.<\/p>\n<p><strong><\/strong><\/p>\n<p><strong><\/strong><\/p>\n<p>&nbsp;<\/p>\n<p>[\/et_pb_text][\/et_pb_column][\/et_pb_row][\/et_pb_section]<\/p>","protected":false},"excerpt":{"rendered":"<p>Transfer \/ HotelAblauf Ihres Aufenthaltes1. Tag &#8211; Transfer Wir werden sie am Flughafen pers\u00f6nlich willkommen hei\u00dfen (Namensschild) Zur Voruntersuchung am ersten Tag begleiten wir sie selbstverst\u00e4ndlich ebenfalls pers\u00f6nlich. Danach bringen wir Sie in ihre Unterkunft. &nbsp; Hotel Wir bringen Sie in von uns ausgew\u00e4hlten Hotels unter. Die Hotelkategorie betr\u00e4gt 3-5 Sterne (wie gew\u00fcnscht). Sie erhalten [&hellip;]<\/p>","protected":false},"author":1,"featured_media":0,"parent":0,"menu_order":0,"comment_status":"closed","ping_status":"closed","template":"","meta":{"_et_pb_use_builder":"on","_et_pb_old_content":"","_et_gb_content_width":"","_mi_skip_tracking":false},"aioseo_notices":[],"_links":{"self":[{"href":"https:\/\/travelforbeauty.de\/en\/wp-json\/wp\/v2\/pages\/29"}],"collection":[{"href":"https:\/\/travelforbeauty.de\/en\/wp-json\/wp\/v2\/pages"}],"about":[{"href":"https:\/\/travelforbeauty.de\/en\/wp-json\/wp\/v2\/types\/page"}],"author":[{"embeddable":true,"href":"https:\/\/travelforbeauty.de\/en\/wp-json\/wp\/v2\/users\/1"}],"replies":[{"embeddable":true,"href":"https:\/\/travelforbeauty.de\/en\/wp-json\/wp\/v2\/comments?post=29"}],"version-history":[{"count":0,"href":"https:\/\/travelforbeauty.de\/en\/wp-json\/wp\/v2\/pages\/29\/revisions"}],"wp:attachment":[{"href":"https:\/\/travelforbeauty.de\/en\/wp-json\/wp\/v2\/media?parent=29"}],"curies":[{"name":"wp","href":"https:\/\/api.w.org\/{rel}","templated":true}]}}