{"id":3,"date":"2021-07-04T23:43:25","date_gmt":"2021-07-04T23:43:25","guid":{"rendered":"https:\/\/travelforbeauty.de\/?page_id=3"},"modified":"2021-10-31T19:50:24","modified_gmt":"2021-10-31T19:50:24","slug":"privacy-policy","status":"publish","type":"page","link":"https:\/\/travelforbeauty.de\/en\/privacy-policy\/","title":{"rendered":"Privacy Policy"},"content":{"rendered":"<p>[et_pb_section fb_built=&#8220;1&#8243; admin_label=&#8220;section&#8220; _builder_version=&#8220;3.22&#8243; da_disable_devices=&#8220;off|off|off&#8220; global_colors_info=&#8220;{}&#8220; da_is_popup=&#8220;off&#8220; da_exit_intent=&#8220;off&#8220; da_has_close=&#8220;on&#8220; da_alt_close=&#8220;off&#8220; da_dark_close=&#8220;off&#8220; da_not_modal=&#8220;on&#8220; da_is_singular=&#8220;off&#8220; da_with_loader=&#8220;off&#8220; da_has_shadow=&#8220;on&#8220;][et_pb_row admin_label=&#8220;row&#8220; _builder_version=&#8220;4.12.0&#8243; background_size=&#8220;initial&#8220; background_position=&#8220;top_left&#8220; background_repeat=&#8220;repeat&#8220; global_colors_info=&#8220;{}&#8220;][et_pb_column type=&#8220;4_4&#8243; _builder_version=&#8220;3.25&#8243; custom_padding=&#8220;|||&#8220; global_colors_info=&#8220;{}&#8220; custom_padding__hover=&#8220;|||&#8220;][et_pb_text admin_label=&#8220;Text&#8220; _builder_version=&#8220;4.12.0&#8243; background_size=&#8220;initial&#8220; background_position=&#8220;top_left&#8220; background_repeat=&#8220;repeat&#8220; hover_enabled=&#8220;0&#8243; global_colors_info=&#8220;{}&#8220; sticky_enabled=&#8220;0&#8243;]<\/p>\n<h3><strong>PRIVACY POLICY AND DATA PROTECTION<\/strong><\/h3>\n<p>&nbsp;<\/p>\n<p>Diese Datenschutzrichtlinie legt dar, wie <strong>T4B<\/strong> alle Informationen verwendet und sch\u00fctzt, die Sie der Klinik bei der Nutzung dieser Website zur Verf\u00fcgung stellen.<\/p>\n<p><strong>T4B<\/strong> verpflichtet sich, sicherzustellen, dass Ihre Privatsph\u00e4re gesch\u00fctzt ist. Sollten wir bei der Nutzung dieser Website bestimmte Informationen anfordern, anhand derer Sie identifiziert werden k\u00f6nnen, k\u00f6nnen Sie sicher sein, dass diese nur in \u00dcbereinstimmung mit dieser Datenschutzerkl\u00e4rung und bestimmungsgem\u00e4\u00df verwendet werden. Wir geben Ihre Daten nicht an Dritte weiter, es sei denn, dies ist f\u00fcr administrative Zwecke im Zusammenhang mit einigen der von <strong>T4B<\/strong> angebotenen Dienstleistungen erforderlich. Wir bef\u00fcrworten und halten uns voll und ganz an die Grunds\u00e4tze des Datenschutzes.<\/p>\n<p>&nbsp;<\/p>\n<p><strong>What information do we collect? :<\/strong><\/p>\n<p>We can collect, store and use the following types of personal data:<\/p>\n<p>(a) We may collect information about your computer and your visits to this website, such as: B. Your IP address, your geographical location, the browser type, the referral source, the duration of the visit and the number of page views. We can use this information to administer this website, to improve the user experience of the website and for marketing purposes.<\/p>\n<p>(b) information that you provide to us by phone or on this website in order to subscribe to our website services, email notifications and \/ or newsletters;<\/p>\n<p>(c) Any other information that you choose to send us.<\/p>\n<p>&nbsp;<\/p>\n<p><strong>Use of your personal data:<\/strong><\/p>\n<p>Personal data transmitted to us via this website will be used for the purposes stated in this data protection declaration or in relevant parts of the website.<\/p>\n<p>&nbsp;<\/p>\n<p><strong>We may use your personal data to: Use relevant parts of the website for the purposes specified.<\/strong><\/p>\n<p>(a) manage the website; (b) improve your browsing experience by personalizing the website; (c) enable your use of the services available on the website; (d) send you general commercial communications; (e) send you email notifications that you have specifically requested; (f) send you marketing communications about our business that we believe may be of interest to you by post or, if you have given your express consent, by email or similar technology (you can always let us know if You no longer require marketing communications); (g) share your data with third parties or partner companies in order to provide information you have requested. (h) handling inquiries and complaints from or about you regarding the website; If you submit personal data for publication on our website, we will publish this data and otherwise use it in accordance with the license you have granted. We will not pass on your personal data to third parties for direct marketing purposes without your consent.<\/p>\n<p>&nbsp;<\/p>\n<p><strong>Other Information:<\/strong><\/p>\n<p>In addition to the disclosures required for the purposes set out elsewhere in this Privacy Policy, we may disclose information about you: (a) To the extent that we are required by law to do so; (b) in connection with legal proceedings or future legal proceedings; (c) To establish, exercise or defend our legal rights (including providing information to others for the purposes of fraud prevention and credit risk reduction); (d) To the buyer or seller (or potential buyer or seller) of any business or asset that we are selling or buying (or contemplating); (e) Any person who we reasonably believe can apply to a court or other competent authority for disclosure of such personal information if, in our reasonable opinion, such court or authority is reasonably likely to disclose such personal information Data would arrange. Except as provided in this data protection declaration, we will not pass on your data to third parties.<\/p>\n<p>&nbsp;<\/p>\n<p><strong>Security of your personal data:<\/strong><\/p>\n<p>We take appropriate technical and organizational precautions to prevent the loss, misuse or alteration of your personal data. Of course, data transmission over the Internet is inherently insecure, and we cannot guarantee the security of data sent over the Internet. We store all of the personal data you provide on our secure servers.<\/p>\n<p>&nbsp;<\/p>\n<p><strong>Policy changes:<\/strong><\/p>\n<p>We may update this privacy policy from time to time by posting a new version on our website. You should check this page from time to time to make sure you are happy with the changes.<\/p>\n<p>&nbsp;<\/p>\n<p><strong>Your Rights:<\/strong><\/p>\n<p>We can withhold this personal data to the extent permitted by law.<\/p>\n<p>You can instruct us at any time not to process your personal data for marketing purposes by email. In practice, you usually either expressly consent to the use of your personal data for marketing purposes in advance or we give you the opportunity to object to the use of your personal data for marketing purposes.<\/p>\n<p>&nbsp;<\/p>\n<p><strong>Cookies :<\/strong><\/p>\n<p>We use cookies on this website. A cookie is a small file that asks permission to be placed on your computer's hard drive. Cookies enable web applications to respond to you as an individual. The web application can tailor its operation to your needs, likes and dislikes by collecting and storing information about your preferences. You can accept or reject cookies. Most web browsers automatically accept cookies, but you can usually change your browser settings to decline cookies if you prefer. This can prevent you from using the website to its full extent.<\/p>\n<p>&nbsp;<\/p>\n<p><strong>Third party websites:<\/strong><\/p>\n<p>Our website may contain links to other interesting websites. However, once you have used these links to leave our website you should note that we have no control over that other website. Therefore, we cannot be responsible for the protection and confidentiality of information that you provide when you visit these websites, and these websites are not subject to this privacy policy. You should exercise caution and read the privacy policy applicable to the website in question.<\/p>\n<p>&nbsp;<\/p>\n<p><strong>Contact :<\/strong><\/p>\n<p>Bei Fragen zu dieser Datenschutzerkl\u00e4rung oder unserem Umgang mit Ihren personenbezogenen Daten wenden Sie sich bitte per E-Mail an <strong>info@travelforbeauty.de<\/strong> oder telefonisch unter <strong>(0049) 151 257 427 65<\/strong> an den entsprechenden Verantwortlichen.<\/p>\n<p>&nbsp;<\/p>\n<p><strong>To Unsubscribe :<\/strong><\/p>\n<p>Wenn Sie keine Werbe-E-Mails mehr von <strong>T4B<\/strong> erhalten m\u00f6chten, k\u00f6nnen Sie sich von allen Mitteilungen abmelden, indem Sie unten in unseren E-Mails auf die Schaltfl\u00e4che \u201eAbmelden\u201c klicken.<\/p>\n<p>[\/et_pb_text][\/et_pb_column][\/et_pb_row][\/et_pb_section]<\/p>","protected":false},"excerpt":{"rendered":"<p>DATENSCHUTZ- UND DATENPOLITIK &nbsp; Diese Datenschutzrichtlinie legt dar, wie T4B alle Informationen verwendet und sch\u00fctzt, die Sie der Klinik bei der Nutzung dieser Website zur Verf\u00fcgung stellen. T4B verpflichtet sich, sicherzustellen, dass Ihre Privatsph\u00e4re gesch\u00fctzt ist. Sollten wir bei der Nutzung dieser Website bestimmte Informationen anfordern, anhand derer Sie identifiziert werden k\u00f6nnen, k\u00f6nnen Sie sicher [&hellip;]<\/p>","protected":false},"author":1,"featured_media":0,"parent":0,"menu_order":0,"comment_status":"closed","ping_status":"open","template":"","meta":{"_et_pb_use_builder":"on","_et_pb_old_content":"<!-- wp:heading -->\n<h2>Who we are<\/h2>\n<!-- \/wp:heading -->\n\n<!-- wp:paragraph -->\n<p><strong class=\"privacy-policy-tutorial\">Suggested text: <\/strong>Our website address is: https:\/\/travelforbeauty.de.<\/p>\n<!-- \/wp:paragraph -->\n\n<!-- wp:heading -->\n<h2>Comments<\/h2>\n<!-- \/wp:heading -->\n\n<!-- wp:paragraph -->\n<p><strong class=\"privacy-policy-tutorial\">Suggested text: <\/strong>When visitors leave comments on the site we collect the data shown in the comments form, and also the visitor\u2019s IP address and browser user agent string to help spam detection.<\/p>\n<!-- \/wp:paragraph -->\n\n<!-- wp:paragraph -->\n<p>An anonymized string created from your email address (also called a hash) may be provided to the Gravatar service to see if you are using it. The Gravatar service privacy policy is available here: https:\/\/automattic.com\/privacy\/. After approval of your comment, your profile picture is visible to the public in the context of your comment.<\/p>\n<!-- \/wp:paragraph -->\n\n<!-- wp:heading -->\n<h2>Media<\/h2>\n<!-- \/wp:heading -->\n\n<!-- wp:paragraph -->\n<p><strong class=\"privacy-policy-tutorial\">Suggested text: <\/strong>If you upload images to the website, you should avoid uploading images with embedded location data (EXIF GPS) included. Visitors to the website can download and extract any location data from images on the website.<\/p>\n<!-- \/wp:paragraph -->\n\n<!-- wp:heading -->\n<h2>Cookies<\/h2>\n<!-- \/wp:heading -->\n\n<!-- wp:paragraph -->\n<p><strong class=\"privacy-policy-tutorial\">Suggested text: <\/strong>If you leave a comment on our site you may opt-in to saving your name, email address and website in cookies. These are for your convenience so that you do not have to fill in your details again when you leave another comment. These cookies will last for one year.<\/p>\n<!-- \/wp:paragraph -->\n\n<!-- wp:paragraph -->\n<p>If you visit our login page, we will set a temporary cookie to determine if your browser accepts cookies. This cookie contains no personal data and is discarded when you close your browser.<\/p>\n<!-- \/wp:paragraph -->\n\n<!-- wp:paragraph -->\n<p>When you log in, we will also set up several cookies to save your login information and your screen display choices. Login cookies last for two days, and screen options cookies last for a year. If you select \"Remember Me\", your login will persist for two weeks. If you log out of your account, the login cookies will be removed.<\/p>\n<!-- \/wp:paragraph -->\n\n<!-- wp:paragraph -->\n<p>If you edit or publish an article, an additional cookie will be saved in your browser. This cookie includes no personal data and simply indicates the post ID of the article you just edited. It expires after 1 day.<\/p>\n<!-- \/wp:paragraph -->\n\n<!-- wp:heading -->\n<h2>Embedded content from other websites<\/h2>\n<!-- \/wp:heading -->\n\n<!-- wp:paragraph -->\n<p><strong class=\"privacy-policy-tutorial\">Suggested text: <\/strong>Articles on this site may include embedded content (e.g. videos, images, articles, etc.). Embedded content from other websites behaves in the exact same way as if the visitor has visited the other website.<\/p>\n<!-- \/wp:paragraph -->\n\n<!-- wp:paragraph -->\n<p>These websites may collect data about you, use cookies, embed additional third-party tracking, and monitor your interaction with that embedded content, including tracking your interaction with the embedded content if you have an account and are logged in to that website.<\/p>\n<!-- \/wp:paragraph -->\n\n<!-- wp:heading -->\n<h2>Who we share your data with<\/h2>\n<!-- \/wp:heading -->\n\n<!-- wp:paragraph -->\n<p><strong class=\"privacy-policy-tutorial\">Suggested text: <\/strong>If you request a password reset, your IP address will be included in the reset email.<\/p>\n<!-- \/wp:paragraph -->\n\n<!-- wp:heading -->\n<h2>How long we retain your data<\/h2>\n<!-- \/wp:heading -->\n\n<!-- wp:paragraph -->\n<p><strong class=\"privacy-policy-tutorial\">Suggested text: <\/strong>If you leave a comment, the comment and its metadata are retained indefinitely. This is so we can recognize and approve any follow-up comments automatically instead of holding them in a moderation queue.<\/p>\n<!-- \/wp:paragraph -->\n\n<!-- wp:paragraph -->\n<p>For users that register on our website (if any), we also store the personal information they provide in their user profile. All users can see, edit, or delete their personal information at any time (except they cannot change their username). Website administrators can also see and edit that information.<\/p>\n<!-- \/wp:paragraph -->\n\n<!-- wp:heading -->\n<h2>What rights you have over your data<\/h2>\n<!-- \/wp:heading -->\n\n<!-- wp:paragraph -->\n<p><strong class=\"privacy-policy-tutorial\">Suggested text: <\/strong>If you have an account on this site, or have left comments, you can request to receive an exported file of the personal data we hold about you, including any data you have provided to us. You can also request that we erase any personal data we hold about you. This does not include any data we are obliged to keep for administrative, legal, or security purposes.<\/p>\n<!-- \/wp:paragraph -->\n\n<!-- wp:heading -->\n<h2>Where we send your data<\/h2>\n<!-- \/wp:heading -->\n\n<!-- wp:paragraph -->\n<p><strong class=\"privacy-policy-tutorial\">Suggested text: <\/strong>Visitor comments may be checked through an automated spam detection service.<\/p>\n<!-- \/wp:paragraph -->","_et_gb_content_width":"","_mi_skip_tracking":false},"aioseo_notices":[],"_links":{"self":[{"href":"https:\/\/travelforbeauty.de\/en\/wp-json\/wp\/v2\/pages\/3"}],"collection":[{"href":"https:\/\/travelforbeauty.de\/en\/wp-json\/wp\/v2\/pages"}],"about":[{"href":"https:\/\/travelforbeauty.de\/en\/wp-json\/wp\/v2\/types\/page"}],"author":[{"embeddable":true,"href":"https:\/\/travelforbeauty.de\/en\/wp-json\/wp\/v2\/users\/1"}],"replies":[{"embeddable":true,"href":"https:\/\/travelforbeauty.de\/en\/wp-json\/wp\/v2\/comments?post=3"}],"version-history":[{"count":0,"href":"https:\/\/travelforbeauty.de\/en\/wp-json\/wp\/v2\/pages\/3\/revisions"}],"wp:attachment":[{"href":"https:\/\/travelforbeauty.de\/en\/wp-json\/wp\/v2\/media?parent=3"}],"curies":[{"name":"wp","href":"https:\/\/api.w.org\/{rel}","templated":true}]}}